{"id":162,"date":"2018-04-25T09:15:50","date_gmt":"2018-04-25T09:15:50","guid":{"rendered":"http:\/\/demo.themefreesia.com\/photograph\/?page_id=6"},"modified":"2021-02-28T13:52:01","modified_gmt":"2021-02-28T13:52:01","slug":"home","status":"publish","type":"page","link":"http:\/\/wp.holtstiege.de\/","title":{"rendered":"Startseite von Ludger Holtstiege Hochzeitsfotografie"},"content":{"rendered":"\n<p><\/p>\n\n\n\n<p><\/p>\n\n\n\n<p><\/p>\n\n\n\n<p class=\"has-black-color has-text-color has-background\" style=\"background-color:#fffaea;font-size:25px\"><strong>Ihr habt meine Bilder in der Galerie schon gesehen und m\u00f6chtet euch jetzt ein Bild von mir machen?<\/strong> <strong>Dann schaut euch mein Interview von <\/strong><span wfd-id=\"127\" class=\"has-inline-color has-luminous-vivid-orange-color\"><strong>dasHochzeitsportal.de <\/strong><\/span><span wfd-id=\"126\" class=\"has-inline-color has-black-color\"><strong>an<\/strong><\/span>: <span wfd-id=\"125\" class=\"has-inline-color has-vivid-red-color\">(ab der 10. Minute )<\/span><\/p>\n\n\n\n<figure class=\"wp-block-embed is-type-video is-provider-youtube wp-block-embed-youtube wp-embed-aspect-16-9 wp-has-aspect-ratio\"><div class=\"wp-block-embed__wrapper\">\n<iframe loading=\"lazy\" title=\"Hochzeitstalk am 27.1.2021 mit Ludger Holtstiege\" width=\"1778\" height=\"1000\" src=\"https:\/\/www.youtube.com\/embed\/V5_cxwl9Zac?feature=oembed\" frameborder=\"0\" allow=\"accelerometer; autoplay; clipboard-write; encrypted-media; gyroscope; picture-in-picture\" allowfullscreen><\/iframe>\n<\/div><\/figure>\n\n\n\n<div class=\"wp-block-jetpack-contact-info\">\n\n\n\n<\/div>\n\n\n\n<p> <\/p>\n\n\n\n<p> <\/p>\n\n\n\n<p> Link zu Check24 <a rel=\"noreferrer noopener\" href=\"https:\/\/profis.check24.de\/profil\/fotodesigner-ludger-holtstiege\/ndyrgo\" target=\"_blank\">https:\/\/profis.check24.de\/profil\/fotodesigner-ludger-holtstiege\/ndyrgo<\/a><\/p>\n\n\n\n<p> <\/p>\n\n\n\n<p class=\"has-drop-cap has-medium-font-size\">Sch\u00f6n das Ihr reinschaut. Hier k\u00f6nnt Ihr euch einen Eindruck \u00fcber meine Fotoarbeiten machen. Ob Hochzeit, Geburtstag oder ein anderes Event oder auch ein Portraitshooting, hier k\u00f6nnt ihr schauen und ein Shooting anfragen.<\/p>\n\n\n\n<p><\/p>\n","protected":false},"excerpt":{"rendered":"<p>Ihr habt meine Bilder in der Galerie schon gesehen und m\u00f6chtet euch jetzt ein Bild von mir machen? Dann schaut euch mein Interview von dasHochzeitsportal.de&hellip; <\/p>\n","protected":false},"author":1,"featured_media":1143,"parent":0,"menu_order":5,"comment_status":"closed","ping_status":"closed","template":"","meta":{"footnotes":""},"jetpack_sharing_enabled":true,"_links":{"self":[{"href":"http:\/\/wp.holtstiege.de\/index.php?rest_route=\/wp\/v2\/pages\/162"}],"collection":[{"href":"http:\/\/wp.holtstiege.de\/index.php?rest_route=\/wp\/v2\/pages"}],"about":[{"href":"http:\/\/wp.holtstiege.de\/index.php?rest_route=\/wp\/v2\/types\/page"}],"author":[{"embeddable":true,"href":"http:\/\/wp.holtstiege.de\/index.php?rest_route=\/wp\/v2\/users\/1"}],"replies":[{"embeddable":true,"href":"http:\/\/wp.holtstiege.de\/index.php?rest_route=%2Fwp%2Fv2%2Fcomments&post=162"}],"version-history":[{"count":32,"href":"http:\/\/wp.holtstiege.de\/index.php?rest_route=\/wp\/v2\/pages\/162\/revisions"}],"predecessor-version":[{"id":1145,"href":"http:\/\/wp.holtstiege.de\/index.php?rest_route=\/wp\/v2\/pages\/162\/revisions\/1145"}],"wp:featuredmedia":[{"embeddable":true,"href":"http:\/\/wp.holtstiege.de\/index.php?rest_route=\/wp\/v2\/media\/1143"}],"wp:attachment":[{"href":"http:\/\/wp.holtstiege.de\/index.php?rest_route=%2Fwp%2Fv2%2Fmedia&parent=162"}],"curies":[{"name":"wp","href":"https:\/\/api.w.org\/{rel}","templated":true}]}}