{"id":8,"date":"2018-04-25T09:16:16","date_gmt":"2018-04-25T09:16:16","guid":{"rendered":"http:\/\/demo.themefreesia.com\/photograph\/?page_id=8"},"modified":"2019-10-27T09:49:13","modified_gmt":"2019-10-27T09:49:13","slug":"about-us","status":"publish","type":"page","link":"http:\/\/wp.holtstiege.de\/?page_id=8","title":{"rendered":"\u00dcber mich"},"content":{"rendered":"<p><strong>Hallo Ich bin Ludger Holtstiege<\/strong><\/p>\n<p><strong><em>Mein Motto in der Fotografie:\u00a0 <\/em><\/strong><strong><em>\u00a0 \u00a0 \u00a0 \u00a0 Bewahre den Moment<\/em><\/strong><\/p>\n<p>Meine Fotografenlaufbahn begann Ende der 1970er Jahre. Mit kleinem Taschengeld und ebenso kleiner \u201eRitsch-Ratsch-Klick\u201c Kamera auf Kleinstbildbasis habe ich die ersten Bilder gemacht. Damals hat man sich noch genau \u00fcberlegt, was man Fotografieren wollte, da der Film \u00fcblicherweise 36 Aufnahmen hatte.<\/p>\n<p>Von den \u00fcblichen Natur- und Landschaftaufnahmen kam ich bald zur Macrofotografie. Dann kamen die \u00fcblichen Aufnahmen von der Familien und Freunden. Schon bald wusste man im Bekanntenkreis das ich mich f\u00fcr die Fotografie interessiere und die ersten Anfragen zur Hochzeitsfotografie trudelten ein. Zu der Zeit hat man erst gesehen ob die Bilder gut geworden sind, wenn man die Negative oder die Papierbilder in den H\u00e4nden hielt.<\/p>\n<p>Dann begann das Zeitalter der Digitalfotografie. Ich habe Jahre darauf gewartet, das f\u00fcr meine Nikonkamera der digitale Filmeinsatz verf\u00fcgbar war. Als der Hersteller endlich lieferf\u00e4hig war, konnte man f\u00fcr den Preis bereits eine echte Digitalkamera kaufen.<\/p>\n<p>Mittlerweile liegen Generationen zwischen diesen Kameras und die Handy machen aktuell auch schon vergleichbar gute Bilder. Gl\u00fccklicherweise kann man mit den heutigen Kameras noch k\u00fcnstlerisch mehr aus den Bildern machen.<\/p>\n<p>Der 3D Hype ist nat\u00fcrlich auch an mir nicht vorbeigegangen. 3D gibt v\u00f6llig neue Eindr\u00fccke bei der Betrachtung der Bilder.<\/p>\n<p>Durch die enorme technische Unterst\u00fctzung der heutigen Kameras ist es deutlich einfacher geworden sich auf das Geschehen bei der Hochzeitsfeier oder anderen Events zu konzentrieren.<\/p>\n<p>Wer bis hierher gelesen hat, dem kann ich einen 10% Rabatt einr\u00e4umen.<\/p>\n<p><strong>und jetzt viel Spa\u00df auf meiner Seite<\/strong><\/p>\n","protected":false},"excerpt":{"rendered":"<p>Hallo Ich bin Ludger Holtstiege Mein Motto in der Fotografie:\u00a0 \u00a0 \u00a0 \u00a0 \u00a0 Bewahre den Moment Meine Fotografenlaufbahn begann Ende der 1970er Jahre. Mit&hellip; <\/p>\n","protected":false},"author":1,"featured_media":225,"parent":0,"menu_order":7,"comment_status":"closed","ping_status":"closed","template":"page-templates\/aboutus-template.php","meta":{"footnotes":""},"jetpack_sharing_enabled":true,"_links":{"self":[{"href":"http:\/\/wp.holtstiege.de\/index.php?rest_route=\/wp\/v2\/pages\/8"}],"collection":[{"href":"http:\/\/wp.holtstiege.de\/index.php?rest_route=\/wp\/v2\/pages"}],"about":[{"href":"http:\/\/wp.holtstiege.de\/index.php?rest_route=\/wp\/v2\/types\/page"}],"author":[{"embeddable":true,"href":"http:\/\/wp.holtstiege.de\/index.php?rest_route=\/wp\/v2\/users\/1"}],"replies":[{"embeddable":true,"href":"http:\/\/wp.holtstiege.de\/index.php?rest_route=%2Fwp%2Fv2%2Fcomments&post=8"}],"version-history":[{"count":2,"href":"http:\/\/wp.holtstiege.de\/index.php?rest_route=\/wp\/v2\/pages\/8\/revisions"}],"predecessor-version":[{"id":224,"href":"http:\/\/wp.holtstiege.de\/index.php?rest_route=\/wp\/v2\/pages\/8\/revisions\/224"}],"wp:featuredmedia":[{"embeddable":true,"href":"http:\/\/wp.holtstiege.de\/index.php?rest_route=\/wp\/v2\/media\/225"}],"wp:attachment":[{"href":"http:\/\/wp.holtstiege.de\/index.php?rest_route=%2Fwp%2Fv2%2Fmedia&parent=8"}],"curies":[{"name":"wp","href":"https:\/\/api.w.org\/{rel}","templated":true}]}}