{"id":827,"date":"2020-11-15T12:39:39","date_gmt":"2020-11-15T12:39:39","guid":{"rendered":"http:\/\/wp.holtstiege.de\/?page_id=827"},"modified":"2020-11-15T20:43:22","modified_gmt":"2020-11-15T20:43:22","slug":"preise","status":"publish","type":"page","link":"http:\/\/wp.holtstiege.de\/?page_id=827","title":{"rendered":"Preise"},"content":{"rendered":"\n<p><strong>Standesamtliche Hochzeiten  ab 165,00 Euro<\/strong><\/p>\n\n\n\n<p>Eintreffen der G\u00e4ste vor dem Rathaus, Einzug des Brautpaares, Zeremonie, Auszug des Brautpaare, Brautpaar- und Gruppenshootings.<\/p>\n\n\n\n<p> <\/p>\n\n\n\n<p><\/p>\n\n\n\n<p><strong>Kirchliche Hochzeiten und Hochzeitsfeiern ab 165,00 Euro<\/strong><\/p>\n\n\n\n<p>Eintreffen der G\u00e4ste vor der Kirche, Einzug des Brautpaares, Zeremonie, Auszug des Brautpaare, Brautpaar- und Gruppenshootings.<\/p>\n\n\n\n<p> <\/p>\n\n\n\n<p><\/p>\n\n\n\n<p><\/p>\n\n\n\n<p><strong>Bewerbungsfotos einfach   ab 85,00 Euro<\/strong><\/p>\n\n\n\n<p>Dauer ca 20-30 Minuten, 20-30 Aufnahmen, Blitzlicht, wei\u00dfer oder grauer Hintergrund, im warmen Studio.<\/p>\n\n\n\n<p> <\/p>\n\n\n\n<p><\/p>\n\n\n\n<p><\/p>\n\n\n\n<p><strong>Bewerbungsfotos premium   ab 130,00 Euro<\/strong><\/p>\n\n\n\n<p><\/p>\n\n\n\n<p>Dauer ca. 60 Minuten, 50-60 Aufnahmen, Blitzlicht, w\u00e4hlbarer Hintergrund, kann auch Outdoor oder auf der Stra\u00dfe oder in Ihrer B\u00fcroumgebung stattfinden.<\/p>\n\n\n\n<p> <\/p>\n\n\n\n<p><\/p>\n\n\n\n<p><\/p>\n\n\n\n<p><strong>Portraitaufnahmen   ab 130,00 Euro<\/strong> <\/p>\n\n\n\n<p>Dauer 1,5 &#8211; 2 Std. mindestens 100 Aufnahmen, Bearbeitung der Favoriten, Blitz oder Dauerlicht, im Studio oder Outdoor oder eine Location Ihrer Wahl, Nutzung aller Outfits und Hintergr\u00fcnde und Mobiliar das im Studio vorhanden ist.<\/p>\n\n\n\n<p> <\/p>\n\n\n\n<p><\/p>\n\n\n\n<p><\/p>\n\n\n\n<p><strong>Mehrwertsteuer<\/strong><\/p>\n\n\n\n<p>Bei allen  angegebenen Preise handelt es sich um die Bruttopreise inklusive der jeweils aktuellen Mehrwertsteuer.<\/p>\n\n\n\n<p><\/p>\n\n\n\n<p><\/p>\n\n\n\n<p><strong>Bilder <\/strong><\/p>\n\n\n\n<p><\/p>\n\n\n\n<p>Alle Bilder werden digital in hoher Aufl\u00f6sung zur Verf\u00fcgung gestellt. Der Auftraggeber erh\u00e4lt einen Link zu den Bildern zum Download. Bearbeitung der Bilder nach vorheriger Absprache. <\/p>\n\n\n\n<p>Alle Fotos ausschlie\u00dflich zur privaten Nutzung. Bilder f\u00fcr kommerzielle Nutzung bed\u00fcrfen schriftlicher Genehmigung und es entstehen zus\u00e4tzliche Kosten in H\u00f6he von 25 Euro pro Bild.<\/p>\n","protected":false},"excerpt":{"rendered":"<p>Standesamtliche Hochzeiten ab 165,00 Euro Eintreffen der G\u00e4ste vor dem Rathaus, Einzug des Brautpaares, Zeremonie, Auszug des Brautpaare, Brautpaar- und Gruppenshootings. Kirchliche Hochzeiten und Hochzeitsfeiern&hellip; <\/p>\n","protected":false},"author":1,"featured_media":0,"parent":0,"menu_order":1,"comment_status":"closed","ping_status":"closed","template":"","meta":{"footnotes":""},"jetpack_sharing_enabled":true,"_links":{"self":[{"href":"http:\/\/wp.holtstiege.de\/index.php?rest_route=\/wp\/v2\/pages\/827"}],"collection":[{"href":"http:\/\/wp.holtstiege.de\/index.php?rest_route=\/wp\/v2\/pages"}],"about":[{"href":"http:\/\/wp.holtstiege.de\/index.php?rest_route=\/wp\/v2\/types\/page"}],"author":[{"embeddable":true,"href":"http:\/\/wp.holtstiege.de\/index.php?rest_route=\/wp\/v2\/users\/1"}],"replies":[{"embeddable":true,"href":"http:\/\/wp.holtstiege.de\/index.php?rest_route=%2Fwp%2Fv2%2Fcomments&post=827"}],"version-history":[{"count":9,"href":"http:\/\/wp.holtstiege.de\/index.php?rest_route=\/wp\/v2\/pages\/827\/revisions"}],"predecessor-version":[{"id":1136,"href":"http:\/\/wp.holtstiege.de\/index.php?rest_route=\/wp\/v2\/pages\/827\/revisions\/1136"}],"wp:attachment":[{"href":"http:\/\/wp.holtstiege.de\/index.php?rest_route=%2Fwp%2Fv2%2Fmedia&parent=827"}],"curies":[{"name":"wp","href":"https:\/\/api.w.org\/{rel}","templated":true}]}}